{"id":1214,"date":"2023-07-05T12:16:11","date_gmt":"2023-07-05T12:16:11","guid":{"rendered":"https:\/\/www.menudigital.com.do\/?page_id=1214"},"modified":"2025-08-22T20:03:20","modified_gmt":"2025-08-22T20:03:20","slug":"cotizacion","status":"publish","type":"page","link":"https:\/\/www.menudigital.com.do\/en\/cotizacion\/","title":{"rendered":"ADM &#8211; Cotizaci\u00f3n QR Men\u00fa Digital"},"content":{"rendered":"<div data-elementor-type=\"wp-page\" data-elementor-id=\"1214\" class=\"elementor elementor-1214\" data-elementor-post-type=\"page\">\n\t\t\t\t<div id=\"myModal\" class=\"modal\">\n\t<div class=\"modal-content\">\n    \t<span class=\"close\">&times;<\/span>\n\t\t<center><img loading=\"lazy\" decoding=\"async\" src=\"https:\/\/www.menudigital.com.do\/wp-content\/uploads\/2023\/07\/menu-negro.png\" height=\"60\" width=\"60\"><\/center>\n\t\t\n\t\t<!-- form id=\"myForm\" class=\"ajax\" -->\n      \n\t\t\t<!-- SLIDE 1 -->\n\t\t\t<div id=\"slide1\" class=\"slides\">\n\t\t    \t<h2>\u00bfTe interesa crear un men\u00fa digital con acceso por c\u00f3digo QR?<\/h2>\n\t\t\t\t<div style=\"text-align: center\">\n\t\t\t\t\t<button id=\"slide1yes\" class=\"btnYes\">Si<\/button>\n\t\t\t\t\t<button id=\"slide1no\" class=\"btnNo\">No<\/button>\n\t\t\t\t<\/div>\n\t      \t<\/div>\n\t\t  \n\t\t\t<!-- SLIDE 2 -->\n\t\t\t<div id=\"slide2\" class=\"slides\">\n\t\t\t\t<h2>\u00bfTienes tu men\u00fa ya dise\u00f1ado?<\/h2>\n\t\t\t\t<div style=\"text-align: center\">\n\t\t\t\t\t<button id=\"slide2yes\" class=\"btnYes\">Si<\/button>\n\t\t\t\t\t<button id=\"slide2no\" class=\"btnNo\">No<\/button>\n\t\t\t\t<\/div>\n\t\t\t<\/div>\n\t\t  \n\t\t\t<!-- SLIDE 3 -->\n\t\t\t<div id=\"slide3\" class=\"slides\">\n\t\t\t  <h2>\u00bfEl dise\u00f1o de tu men\u00fa actual necesita actualizar precios, platos o fotos?<\/h2>\n\t\t\t\t<div style=\"text-align: center\">\n\t\t\t\t\t<button id=\"slide3yes\" class=\"btnYes\">Si<\/button>\n\t\t\t\t\t<button id=\"slide3no\" class=\"btnNo\">No<\/button>\n\t\t\t\t<\/div>\n\t\t\t<\/div>\n\t\t\n\t\t\t\t<!-- SLIDE 4 -->\n\t\t\t<div id=\"slide4\" class=\"slides\">\n\t\t\t\t<h2>\u00bfNecesitas asistencia con el dise\u00f1o gr\u00e1fico y actualizaci\u00f3n de tu men\u00fa?<\/h2>\n\t\t\t\t<div style=\"text-align: center\">\n\t\t\t\t\t<button id=\"slide4yes\" class=\"btnYes\">Si<\/button>\n\t\t\t\t\t<button id=\"slide4no\" class=\"btnNo\">No<\/button>\n\t\t\t  <\/div>\n\t\t  \t<\/div>\n\t\t  \n\t\t  \t<!-- SLIDE 5 -->\n\t\t  \t<div id=\"slide5\" class=\"slides\">\n\t\t\t\t<h2>\u00bfAproximadamente cu\u00e1ntas p\u00e1ginas tiene tu men\u00fa?<\/h2>\n\t\t\t\t<div style=\"text-align: center\">\n\t\t\t\t\t<button id=\"unodos\" class=\"btnYes\">1-2 p\u00e1ginas<\/button>\n\t\t\t\t\t<button id=\"trescuatro\" class=\"btnYes\">3-4 p\u00e1ginas<\/button>\n\t\t\t\t\t<button id=\"mascinco\" class=\"btnYes\">+5 p\u00e1ginas<\/button>\n\t\t\t\t<\/div>\n\t\t\t<\/div>\n\t\t  \n\t\t\t<!-- SLIDE 6 -->\n\t\t\t<div id=\"slide6\" class=\"slides\">\n\t\t\t\t<h2>El costo del servicio ser\u00eda de<br>RD$ 2,450 pesos<\/h2>\n\t\t\t\t<ul>\n\t\t\t\t\t<li>Entrega en 24 horas<\/li>\n\t\t\t\t\t<li>Incluye c\u00f3digo QR de acceso<\/li>\n\t\t\t\t\t<li>Incluye enlace URL para colocar en la bio de Instagram<\/li>\n\t\t\t\t<\/ul>\n\t\t\t\t<p id=\"impuestos\">Precio no incluye impuestos.<\/p>\n\t\t\t\t<div style=\"text-align: center\">\n\t\t\t\t\t<button id=\"slide6yes\" class=\"btnYes\">Contratar<\/button>\n\t\t\t\t\t<button id=\"slide6no\" class=\"btnNo\">No me interesa<\/button>\n\t\t\t\t<\/div>\n\t\t\t\t<p class=\"conocer\"><a href=\"\/en\/conocer-menu\/\" target=\"_blank\">Conocer men\u00fa de nuestros clientes<\/a><\/p>\n\t\t\t<\/div>\n\t\t  \n\t\t\t<!-- SLIDE 7 -->\n\t\t\t<div id=\"slide7\" class=\"slides\">\n\t\t\t\t<h2>El costo del servicio ser\u00eda de<br>RD$ 5,990 pesos<\/h2>\n\t\t\t\t<ul>\n\t\t\t\t\t<li>Incluye dise\u00f1o gr\u00e1fico de 1-2 p\u00e1ginas de men\u00fa<\/li>\n\t\t\t\t\t<li>Incluye formato de men\u00fa para impresi\u00f3n<\/li>\n\t\t\t\t\t<li>Incluye c\u00f3digo QR de acceso al men\u00fa digital<\/li>\n\t\t\t\t\t<li>Incluye enlace URL para colocar en la bio de Instagram<\/li>\n\t\t\t\t<\/ul>\n\t\t\t\t<p id=\"impuestos\">Precio no incluye impuestos.<\/p>\n\t\t\t\t<div style=\"text-align: center\">\n\t\t\t\t\t<button id=\"slide7yes\" class=\"btnYes\">Contratar<\/button>\n\t\t\t\t\t<button id=\"slide7no\" class=\"btnNo\">No me interesa<\/button>\n\t\t\t\t<\/div>\n\t\t\t\t<p class=\"conocer\"><a href=\"\/en\/conocer-menu\/\" target=\"_blank\">Conocer men\u00fa de nuestros clientes<\/a><\/p>     \n\t\t\t<\/div>\n\t\t  \n\t\t\t<!-- SLIDE 8 -->\n\t\t\t<div id=\"slide8\" class=\"slides\">\n\t\t\t\t<h2>El costo del servicio ser\u00eda de<br>RD$ 9,990 pesos<\/h2>\n\t\t\t\t<ul>\n\t\t\t\t\t<li>Incluye dise\u00f1o gr\u00e1fico de 3-4 p\u00e1ginas de men\u00fa<\/li>\n\t\t\t\t\t<li>Incluye formato de men\u00fa para impresi\u00f3n<\/li>\n\t\t\t\t\t<li>Incluye c\u00f3digo QR de acceso al men\u00fa digital<\/li>\n\t\t\t\t\t<li>Incluye enlace URL para colocar en la bio de Instagram<\/li>\n\t\t\t\t<\/ul>\n\t\t\t\t<p id=\"impuestos\">Precio no incluye impuestos.<\/p>\n\t\t\t\t<div style=\"text-align: center\">\n\t\t\t\t\t<button id=\"slide8yes\" class=\"btnYes\">Contratar<\/button>\n\t\t\t\t\t<button id=\"slide8no\" class=\"btnNo\">No me interesa<\/button>\n\t\t\t\t<\/div>\n\t\t\t\t<p class=\"conocer\"><a href=\"\/en\/conocer-menu\/\" target=\"_blank\">Conocer men\u00fa de nuestros clientes<\/a><\/p>\t\t      \n\t\t\t<\/div>\n\t\t  \n\t\t\t<!-- SLIDE 9 -->\n\t\t\t<div id=\"slide9\" class=\"slides\">\n\t        \t<h2>El costo del servicio ser\u00eda de RD$11,990 pesos<\/h2>\n\t\t\t\t<ul>\n\t\t\t\t\t<li>Incluye dise\u00f1o gr\u00e1fico de 6 p\u00e1ginas de men\u00fa<\/li>\n\t\t\t\t\t<li>Incluye formato de men\u00fa para impresi\u00f3n<\/li>\n\t\t\t\t\t<li>Incluye c\u00f3digo QR de acceso al men\u00fa digital<\/li>\n\t\t\t\t\t<li>Incluye enlace URL para colocar en la bio de Instagram<\/li>\n\t\t\t\t<\/ul>\n\t\t\t\t<p id=\"impuestos\">Precio no incluye impuestos.<\/p>\n\t\t\t\t<div style=\"text-align: center\">\n\t\t\t\t\t<button id=\"slide9yes\" class=\"btnYes\">Contratar<\/button>\n\t\t\t\t\t<button id=\"slide9no\" class=\"btnNo\">No me interesa<\/button>\n\t\t\t\t<\/div>\n\t\t\t\t<p class=\"conocer\"><a href=\"\/en\/conocer-menu\/\" target=\"_blank\">Conocer men\u00fa de nuestros clientes<\/a><\/p>\n\t\t\t<\/div>\n\t\t  \n\t\t\t<!-- SLIDE 10 -->\n\t\t\t<div id=\"slide10\" class=\"slides\">\n\t\t\t\t<h2>\u00a1Gracias por participar!<\/h2>\n\t\t\t<\/div>\n\t\t  \n\t\t\t<!-- SLIDE 11 -->\n\t\t\t<div id=\"slide11\" class=\"slides\">\n\t\t\t\t<center>\n                    <h2>Completa con tus datos:<\/h2>\n\t\t\t\t    <p>Costo del servicio<\/p>\n\t\t\t\t    <h2 id=\"plan\"><\/h2>\n                <\/center>\n\t\t\t\t\n<div class=\"wpcf7 no-js\" id=\"wpcf7-f1294-o1\" lang=\"es-ES\" dir=\"ltr\" data-wpcf7-id=\"1294\">\n<div class=\"screen-reader-response\"><p role=\"status\" aria-live=\"polite\" aria-atomic=\"true\"><\/p> <ul><\/ul><\/div>\n<form action=\"\/en\/wp-json\/wp\/v2\/pages\/1214#wpcf7-f1294-o1\" method=\"post\" class=\"wpcf7-form init\" aria-label=\"Formulario de contacto\" novalidate=\"novalidate\" data-status=\"init\" data-trp-original-action=\"\/en\/wp-json\/wp\/v2\/pages\/1214#wpcf7-f1294-o1\">\n<fieldset class=\"hidden-fields-container\"><input type=\"hidden\" name=\"_wpcf7\" value=\"1294\" \/><input type=\"hidden\" name=\"_wpcf7_version\" value=\"6.1.5\" \/><input type=\"hidden\" name=\"_wpcf7_locale\" value=\"es_ES\" \/><input type=\"hidden\" name=\"_wpcf7_unit_tag\" value=\"wpcf7-f1294-o1\" \/><input type=\"hidden\" name=\"_wpcf7_container_post\" value=\"0\" \/><input type=\"hidden\" name=\"_wpcf7_posted_data_hash\" value=\"\" \/><input type=\"hidden\" name=\"_wpcf7_recaptcha_response\" value=\"\" \/>\n<\/fieldset>\n<div class=\"elForm\">\n\t<div class=\"col1\">\n\t\t<p><span class=\"wpcf7-form-control-wrap\" data-name=\"your-name\"><input size=\"40\" maxlength=\"400\" class=\"wpcf7-form-control wpcf7-text wpcf7-validates-as-required\" autocomplete=\"name\" aria-required=\"true\" aria-invalid=\"false\" placeholder=\"Nombre\" value=\"\" type=\"text\" name=\"your-name\" \/><\/span>\n\t\t<\/p>\n\t<\/div>\n\t<div class=\"col2\">\n\t\t<p><span class=\"wpcf7-form-control-wrap\" data-name=\"your-whatsapp\"><input size=\"40\" maxlength=\"400\" class=\"wpcf7-form-control wpcf7-tel wpcf7-validates-as-required wpcf7-text wpcf7-validates-as-tel\" aria-required=\"true\" aria-invalid=\"false\" placeholder=\"Whatsapp\" value=\"\" type=\"tel\" name=\"your-whatsapp\" \/><\/span>\n\t\t<\/p>\n\t<\/div>\n\t<div class=\"col1\">\n\t\t<p><span class=\"wpcf7-form-control-wrap\" data-name=\"your-email\"><input size=\"40\" maxlength=\"400\" class=\"wpcf7-form-control wpcf7-email wpcf7-validates-as-required wpcf7-text wpcf7-validates-as-email\" autocomplete=\"email\" aria-required=\"true\" aria-invalid=\"false\" placeholder=\"Email\" value=\"\" type=\"email\" name=\"your-email\" \/><\/span>\n\t\t<\/p>\n\t<\/div>\n\t<div class=\"col2\">\n\t\t<p><span class=\"wpcf7-form-control-wrap\" data-name=\"establecimiento\"><input size=\"40\" maxlength=\"400\" class=\"wpcf7-form-control wpcf7-text\" aria-invalid=\"false\" placeholder=\"Establecimiento (opcional)\" value=\"\" type=\"text\" name=\"establecimiento\" \/><\/span>\n\t\t<\/p>\n\t<\/div>\n\t<p><span class=\"wpcf7-form-control-wrap\" data-name=\"planseleccion\"><span class=\"wpcf7-form-control wpcf7-radio plansel\" id=\"plansel\"><span class=\"wpcf7-list-item first\"><label><input type=\"radio\" name=\"planseleccion\" value=\"none\" checked=\"checked\" \/><span class=\"wpcf7-list-item-label\">none<\/span><\/label><\/span><span class=\"wpcf7-list-item\"><label><input type=\"radio\" name=\"planseleccion\" value=\"$2,450\" \/><span class=\"wpcf7-list-item-label\">$2,450<\/span><\/label><\/span><span class=\"wpcf7-list-item\"><label><input type=\"radio\" name=\"planseleccion\" value=\"1-2 pag $5,990\" \/><span class=\"wpcf7-list-item-label\">1-2 pag $5,990<\/span><\/label><\/span><span class=\"wpcf7-list-item\"><label><input type=\"radio\" name=\"planseleccion\" value=\"3-4 pag $9,990\" \/><span class=\"wpcf7-list-item-label\">3-4 pag $9,990<\/span><\/label><\/span><span class=\"wpcf7-list-item last\"><label><input type=\"radio\" name=\"planseleccion\" value=\"+5 pag $11,990\" \/><span class=\"wpcf7-list-item-label\">+5 pag $11,990<\/span><\/label><\/span><\/span><\/span><br \/>\n\t\t<center><input class=\"wpcf7-form-control wpcf7-submit has-spinner\" type=\"submit\" value=\"Enviar Solicitud\" \/>\n\t\t<\/center><br \/>\n<small>This site is protected by reCAPTCHA and the Google <a href=\"https:\/\/policies.google.com\/privacy\">Privacy Policy<\/a> and <a href=\"https:\/\/policies.google.com\/terms\">Terms of Service<\/a> apply.<br \/>\n<\/small>\n\t<\/p>\n<\/div><div class=\"wpcf7-response-output\" aria-hidden=\"true\"><\/div>\n<input type=\"hidden\" name=\"trp-form-language\" value=\"en\"\/><\/form>\n<\/div>\n\t\t\t\t\n\t\t\t<\/div>\n\t\t  \n\t\t\t<!-- SLIDE 12 -->\n\t\t\t<div id=\"slide12\" class=\"slides\">\n\t\t\t\t\n\t\t\t<\/div>\n      \n\t\t<!-- \/form -->\n\t<\/div>\n<\/div><div class=\"elementor-element elementor-element-79e5e28 e-flex e-con-boxed e-con e-parent\" data-id=\"79e5e28\" data-element_type=\"container\" data-e-type=\"container\" data-settings=\"{&quot;jet_parallax_layout_list&quot;:[]}\">\n\t\t\t\t\t<div class=\"e-con-inner\">\n\t\t<div class=\"elementor-element elementor-element-f0b9abf e-con-full e-flex e-con e-child\" data-id=\"f0b9abf\" data-element_type=\"container\" data-e-type=\"container\" data-settings=\"{&quot;jet_parallax_layout_list&quot;:[]}\">\n\t\t\t\t<div class=\"elementor-element elementor-element-f5cb14f elementor-widget elementor-widget-image\" data-id=\"f5cb14f\" data-element_type=\"widget\" data-e-type=\"widget\" data-widget_type=\"image.default\">\n\t\t\t\t<div class=\"elementor-widget-container\">\n\t\t\t\t\t\t\t\t\t\t\t\t\t\t\t<img loading=\"lazy\" decoding=\"async\" width=\"300\" height=\"300\" src=\"https:\/\/www.menudigital.com.do\/wp-content\/uploads\/2023\/07\/Logo-HD-Menu-Digital-300x300.png\" class=\"attachment-medium size-medium wp-image-1326\" alt=\"\" srcset=\"https:\/\/www.menudigital.com.do\/wp-content\/uploads\/2023\/07\/Logo-HD-Menu-Digital-300x300.png 300w, https:\/\/www.menudigital.com.do\/wp-content\/uploads\/2023\/07\/Logo-HD-Menu-Digital-1024x1024.png 1024w, https:\/\/www.menudigital.com.do\/wp-content\/uploads\/2023\/07\/Logo-HD-Menu-Digital-150x150.png 150w, https:\/\/www.menudigital.com.do\/wp-content\/uploads\/2023\/07\/Logo-HD-Menu-Digital-768x768.png 768w, https:\/\/www.menudigital.com.do\/wp-content\/uploads\/2023\/07\/Logo-HD-Menu-Digital-1536x1536.png 1536w, https:\/\/www.menudigital.com.do\/wp-content\/uploads\/2023\/07\/Logo-HD-Menu-Digital-2048x2048.png 2048w\" sizes=\"auto, (max-width: 300px) 100vw, 300px\" \/>\t\t\t\t\t\t\t\t\t\t\t\t\t\t\t<\/div>\n\t\t\t\t<\/div>\n\t\t\t\t<\/div>\n\t\t\t\t\t<\/div>\n\t\t\t\t<\/div>\n\t\t<div class=\"elementor-element elementor-element-45c8e88 e-flex e-con-boxed e-con e-parent\" data-id=\"45c8e88\" data-element_type=\"container\" data-e-type=\"container\" data-settings=\"{&quot;jet_parallax_layout_list&quot;:[]}\">\n\t\t\t\t\t<div class=\"e-con-inner\">\n\t\t<div class=\"elementor-element elementor-element-1c1b6f5 e-con-full e-flex e-con e-child\" data-id=\"1c1b6f5\" data-element_type=\"container\" data-e-type=\"container\" data-settings=\"{&quot;jet_parallax_layout_list&quot;:[]}\">\n\t\t\t\t<div class=\"elementor-element elementor-element-d1c524b elementor-widget elementor-widget-heading\" data-id=\"d1c524b\" data-element_type=\"widget\" data-e-type=\"widget\" data-widget_type=\"heading.default\">\n\t\t\t\t<div class=\"elementor-widget-container\">\n\t\t\t\t\t<h2 class=\"elementor-heading-title elementor-size-default\">Ingresa al bot\u00f3n debajo para iniciar el proceso de cotizaci\u00f3n de QR Men\u00fa Digital:<\/h2>\t\t\t\t<\/div>\n\t\t\t\t<\/div>\n\t\t\t\t<div class=\"elementor-element elementor-element-217e23c elementor-widget elementor-widget-heading\" data-id=\"217e23c\" data-element_type=\"widget\" data-e-type=\"widget\" data-widget_type=\"heading.default\">\n\t\t\t\t<div class=\"elementor-widget-container\">\n\t\t\t\t\t<h2 class=\"elementor-heading-title elementor-size-default\"><button id=\"openModal\">Cotizar Servicio<\/button><\/h2>\t\t\t\t<\/div>\n\t\t\t\t<\/div>\n\t\t\t\t<\/div>\n\t\t\t\t\t<\/div>\n\t\t\t\t<\/div>\n\t\t<div class=\"elementor-element elementor-element-1bf60b9 e-flex e-con-boxed e-con e-parent\" data-id=\"1bf60b9\" data-element_type=\"container\" data-e-type=\"container\" data-settings=\"{&quot;jet_parallax_layout_list&quot;:[]}\">\n\t\t\t\t\t<div class=\"e-con-inner\">\n\t\t<div class=\"elementor-element elementor-element-411303c e-con-full e-flex e-con e-child\" data-id=\"411303c\" data-element_type=\"container\" data-e-type=\"container\" data-settings=\"{&quot;jet_parallax_layout_list&quot;:[]}\">\n\t\t\t\t<\/div>\n\t\t\t\t\t<\/div>\n\t\t\t\t<\/div>\n\t\t\t\t<\/div>","protected":false},"excerpt":{"rendered":"<p>Ingresa al bot\u00f3n debajo para iniciar el proceso de cotizaci\u00f3n de QR Men\u00fa Digital:<\/p>","protected":false},"author":3,"featured_media":218,"parent":0,"menu_order":0,"comment_status":"closed","ping_status":"closed","template":"elementor_canvas","meta":{"_acf_changed":false,"_uf_show_specific_survey":0,"_uf_disable_surveys":false,"footnotes":""},"class_list":["post-1214","page","type-page","status-publish","has-post-thumbnail","hentry"],"acf":[],"yoast_head":"<!-- This site is optimized with the Yoast SEO plugin v26.9 - https:\/\/yoast.com\/product\/yoast-seo-wordpress\/ -->\n<title>Cotiza un Men\u00fa Digital para tu negocio<\/title>\n<meta name=\"description\" content=\"Soluciones 360\u00ba para el men\u00fa de tu negocio. Crea tu men\u00fa digital con c\u00f3digo QR de acceso. Ingresa aqu\u00ed para cotizar.\" \/>\n<meta name=\"robots\" content=\"index, follow, max-snippet:-1, max-image-preview:large, max-video-preview:-1\" \/>\n<link rel=\"canonical\" href=\"https:\/\/www.menudigital.com.do\/en\/cotizacion\/\" \/>\n<meta property=\"og:locale\" content=\"en_US\" \/>\n<meta property=\"og:type\" content=\"article\" \/>\n<meta property=\"og:title\" content=\"Cotiza un Men\u00fa Digital para tu negocio\" \/>\n<meta property=\"og:description\" content=\"Soluciones 360\u00ba para el men\u00fa de tu negocio. Crea tu men\u00fa digital con c\u00f3digo QR de acceso. Ingresa aqu\u00ed para cotizar.\" \/>\n<meta property=\"og:url\" content=\"https:\/\/www.menudigital.com.do\/en\/cotizacion\/\" \/>\n<meta property=\"og:site_name\" content=\"Menu Digital Para Restaurantes\" \/>\n<meta property=\"article:modified_time\" content=\"2025-08-22T20:03:20+00:00\" \/>\n<meta property=\"og:image\" content=\"https:\/\/www.menudigital.com.do\/wp-content\/uploads\/2023\/01\/mesas-con-codigos-e1755816967802.jpg\" \/>\n\t<meta property=\"og:image:width\" content=\"1920\" \/>\n\t<meta property=\"og:image:height\" content=\"1286\" \/>\n\t<meta property=\"og:image:type\" content=\"image\/jpeg\" \/>\n<meta name=\"twitter:card\" content=\"summary_large_image\" \/>\n<meta name=\"twitter:label1\" content=\"Est. reading time\" \/>\n\t<meta name=\"twitter:data1\" content=\"1 minute\" \/>\n<script type=\"application\/ld+json\" class=\"yoast-schema-graph\">{\"@context\":\"https:\/\/schema.org\",\"@graph\":[{\"@type\":\"WebPage\",\"@id\":\"https:\/\/www.menudigital.com.do\/cotizacion\/\",\"url\":\"https:\/\/www.menudigital.com.do\/cotizacion\/\",\"name\":\"Cotiza un Men\u00fa Digital para tu negocio\",\"isPartOf\":{\"@id\":\"https:\/\/www.menudigital.com.do\/#website\"},\"primaryImageOfPage\":{\"@id\":\"https:\/\/www.menudigital.com.do\/cotizacion\/#primaryimage\"},\"image\":{\"@id\":\"https:\/\/www.menudigital.com.do\/cotizacion\/#primaryimage\"},\"thumbnailUrl\":\"https:\/\/www.menudigital.com.do\/wp-content\/uploads\/2023\/01\/mesas-con-codigos-e1755816967802.jpg\",\"datePublished\":\"2023-07-05T12:16:11+00:00\",\"dateModified\":\"2025-08-22T20:03:20+00:00\",\"description\":\"Soluciones 360\u00ba para el men\u00fa de tu negocio. Crea tu men\u00fa digital con c\u00f3digo QR de acceso. Ingresa aqu\u00ed para cotizar.\",\"breadcrumb\":{\"@id\":\"https:\/\/www.menudigital.com.do\/cotizacion\/#breadcrumb\"},\"inLanguage\":\"en-US\",\"potentialAction\":[{\"@type\":\"ReadAction\",\"target\":[\"https:\/\/www.menudigital.com.do\/cotizacion\/\"]}]},{\"@type\":\"ImageObject\",\"inLanguage\":\"en-US\",\"@id\":\"https:\/\/www.menudigital.com.do\/cotizacion\/#primaryimage\",\"url\":\"https:\/\/www.menudigital.com.do\/wp-content\/uploads\/2023\/01\/mesas-con-codigos-e1755816967802.jpg\",\"contentUrl\":\"https:\/\/www.menudigital.com.do\/wp-content\/uploads\/2023\/01\/mesas-con-codigos-e1755816967802.jpg\",\"width\":1920,\"height\":1286},{\"@type\":\"BreadcrumbList\",\"@id\":\"https:\/\/www.menudigital.com.do\/cotizacion\/#breadcrumb\",\"itemListElement\":[{\"@type\":\"ListItem\",\"position\":1,\"name\":\"Home\",\"item\":\"https:\/\/www.menudigital.com.do\/\"},{\"@type\":\"ListItem\",\"position\":2,\"name\":\"ADM &#8211; Cotizaci\u00f3n QR Men\u00fa Digital\"}]},{\"@type\":\"WebSite\",\"@id\":\"https:\/\/www.menudigital.com.do\/#website\",\"url\":\"https:\/\/www.menudigital.com.do\/\",\"name\":\"Menu Digital Para Restaurantes\",\"description\":\"Soluciones Digitales\",\"publisher\":{\"@id\":\"https:\/\/www.menudigital.com.do\/#organization\"},\"potentialAction\":[{\"@type\":\"SearchAction\",\"target\":{\"@type\":\"EntryPoint\",\"urlTemplate\":\"https:\/\/www.menudigital.com.do\/?s={search_term_string}\"},\"query-input\":{\"@type\":\"PropertyValueSpecification\",\"valueRequired\":true,\"valueName\":\"search_term_string\"}}],\"inLanguage\":\"en-US\"},{\"@type\":\"Organization\",\"@id\":\"https:\/\/www.menudigital.com.do\/#organization\",\"name\":\"Menu Digital Para Restaurantes\",\"url\":\"https:\/\/www.menudigital.com.do\/\",\"logo\":{\"@type\":\"ImageObject\",\"inLanguage\":\"en-US\",\"@id\":\"https:\/\/www.menudigital.com.do\/#\/schema\/logo\/image\/\",\"url\":\"https:\/\/www.menudigital.com.do\/wp-content\/uploads\/2023\/01\/Logo-Black.jpg\",\"contentUrl\":\"https:\/\/www.menudigital.com.do\/wp-content\/uploads\/2023\/01\/Logo-Black.jpg\",\"width\":640,\"height\":640,\"caption\":\"Menu Digital Para Restaurantes\"},\"image\":{\"@id\":\"https:\/\/www.menudigital.com.do\/#\/schema\/logo\/image\/\"}}]}<\/script>\n<!-- \/ Yoast SEO plugin. -->","yoast_head_json":{"title":"Cotiza un Men\u00fa Digital para tu negocio","description":"Soluciones 360\u00ba para el men\u00fa de tu negocio. Crea tu men\u00fa digital con c\u00f3digo QR de acceso. Ingresa aqu\u00ed para cotizar.","robots":{"index":"index","follow":"follow","max-snippet":"max-snippet:-1","max-image-preview":"max-image-preview:large","max-video-preview":"max-video-preview:-1"},"canonical":"https:\/\/www.menudigital.com.do\/en\/cotizacion\/","og_locale":"en_US","og_type":"article","og_title":"Cotiza un Men\u00fa Digital para tu negocio","og_description":"Soluciones 360\u00ba para el men\u00fa de tu negocio. Crea tu men\u00fa digital con c\u00f3digo QR de acceso. Ingresa aqu\u00ed para cotizar.","og_url":"https:\/\/www.menudigital.com.do\/en\/cotizacion\/","og_site_name":"Menu Digital Para Restaurantes","article_modified_time":"2025-08-22T20:03:20+00:00","og_image":[{"width":1920,"height":1286,"url":"https:\/\/www.menudigital.com.do\/wp-content\/uploads\/2023\/01\/mesas-con-codigos-e1755816967802.jpg","type":"image\/jpeg"}],"twitter_card":"summary_large_image","twitter_misc":{"Est. reading time":"1 minute"},"schema":{"@context":"https:\/\/schema.org","@graph":[{"@type":"WebPage","@id":"https:\/\/www.menudigital.com.do\/cotizacion\/","url":"https:\/\/www.menudigital.com.do\/cotizacion\/","name":"Cotiza un Men\u00fa Digital para tu negocio","isPartOf":{"@id":"https:\/\/www.menudigital.com.do\/#website"},"primaryImageOfPage":{"@id":"https:\/\/www.menudigital.com.do\/cotizacion\/#primaryimage"},"image":{"@id":"https:\/\/www.menudigital.com.do\/cotizacion\/#primaryimage"},"thumbnailUrl":"https:\/\/www.menudigital.com.do\/wp-content\/uploads\/2023\/01\/mesas-con-codigos-e1755816967802.jpg","datePublished":"2023-07-05T12:16:11+00:00","dateModified":"2025-08-22T20:03:20+00:00","description":"Soluciones 360\u00ba para el men\u00fa de tu negocio. Crea tu men\u00fa digital con c\u00f3digo QR de acceso. Ingresa aqu\u00ed para cotizar.","breadcrumb":{"@id":"https:\/\/www.menudigital.com.do\/cotizacion\/#breadcrumb"},"inLanguage":"en-US","potentialAction":[{"@type":"ReadAction","target":["https:\/\/www.menudigital.com.do\/cotizacion\/"]}]},{"@type":"ImageObject","inLanguage":"en-US","@id":"https:\/\/www.menudigital.com.do\/cotizacion\/#primaryimage","url":"https:\/\/www.menudigital.com.do\/wp-content\/uploads\/2023\/01\/mesas-con-codigos-e1755816967802.jpg","contentUrl":"https:\/\/www.menudigital.com.do\/wp-content\/uploads\/2023\/01\/mesas-con-codigos-e1755816967802.jpg","width":1920,"height":1286},{"@type":"BreadcrumbList","@id":"https:\/\/www.menudigital.com.do\/cotizacion\/#breadcrumb","itemListElement":[{"@type":"ListItem","position":1,"name":"Home","item":"https:\/\/www.menudigital.com.do\/"},{"@type":"ListItem","position":2,"name":"ADM &#8211; Cotizaci\u00f3n QR Men\u00fa Digital"}]},{"@type":"WebSite","@id":"https:\/\/www.menudigital.com.do\/#website","url":"https:\/\/www.menudigital.com.do\/","name":"Menu Digital Para Restaurantes","description":"Soluciones Digitales","publisher":{"@id":"https:\/\/www.menudigital.com.do\/#organization"},"potentialAction":[{"@type":"SearchAction","target":{"@type":"EntryPoint","urlTemplate":"https:\/\/www.menudigital.com.do\/?s={search_term_string}"},"query-input":{"@type":"PropertyValueSpecification","valueRequired":true,"valueName":"search_term_string"}}],"inLanguage":"en-US"},{"@type":"Organization","@id":"https:\/\/www.menudigital.com.do\/#organization","name":"Menu Digital Para Restaurantes","url":"https:\/\/www.menudigital.com.do\/","logo":{"@type":"ImageObject","inLanguage":"en-US","@id":"https:\/\/www.menudigital.com.do\/#\/schema\/logo\/image\/","url":"https:\/\/www.menudigital.com.do\/wp-content\/uploads\/2023\/01\/Logo-Black.jpg","contentUrl":"https:\/\/www.menudigital.com.do\/wp-content\/uploads\/2023\/01\/Logo-Black.jpg","width":640,"height":640,"caption":"Menu Digital Para Restaurantes"},"image":{"@id":"https:\/\/www.menudigital.com.do\/#\/schema\/logo\/image\/"}}]}},"_links":{"self":[{"href":"https:\/\/www.menudigital.com.do\/en\/wp-json\/wp\/v2\/pages\/1214","targetHints":{"allow":["GET"]}}],"collection":[{"href":"https:\/\/www.menudigital.com.do\/en\/wp-json\/wp\/v2\/pages"}],"about":[{"href":"https:\/\/www.menudigital.com.do\/en\/wp-json\/wp\/v2\/types\/page"}],"author":[{"embeddable":true,"href":"https:\/\/www.menudigital.com.do\/en\/wp-json\/wp\/v2\/users\/3"}],"replies":[{"embeddable":true,"href":"https:\/\/www.menudigital.com.do\/en\/wp-json\/wp\/v2\/comments?post=1214"}],"version-history":[{"count":91,"href":"https:\/\/www.menudigital.com.do\/en\/wp-json\/wp\/v2\/pages\/1214\/revisions"}],"predecessor-version":[{"id":5495,"href":"https:\/\/www.menudigital.com.do\/en\/wp-json\/wp\/v2\/pages\/1214\/revisions\/5495"}],"wp:featuredmedia":[{"embeddable":true,"href":"https:\/\/www.menudigital.com.do\/en\/wp-json\/wp\/v2\/media\/218"}],"wp:attachment":[{"href":"https:\/\/www.menudigital.com.do\/en\/wp-json\/wp\/v2\/media?parent=1214"}],"curies":[{"name":"wp","href":"https:\/\/api.w.org\/{rel}","templated":true}]}}