{"id":1311,"date":"2023-07-17T11:39:39","date_gmt":"2023-07-17T11:39:39","guid":{"rendered":"https:\/\/www.menudigital.com.do\/?page_id=1311"},"modified":"2025-08-22T20:26:16","modified_gmt":"2025-08-22T20:26:16","slug":"conocer-menu","status":"publish","type":"page","link":"https:\/\/www.menudigital.com.do\/en\/conocer-menu\/","title":{"rendered":"ADM &#8211; Men\u00fas de Restaurantes de Clientes"},"content":{"rendered":"<div data-elementor-type=\"wp-page\" data-elementor-id=\"1311\" class=\"elementor elementor-1311\" data-elementor-post-type=\"page\">\n\t\t\t\t\t\t<section class=\"elementor-section elementor-top-section elementor-element elementor-element-d86d5ad elementor-section-boxed elementor-section-height-default elementor-section-height-default\" data-id=\"d86d5ad\" data-element_type=\"section\" data-e-type=\"section\" data-settings=\"{&quot;jet_parallax_layout_list&quot;:[]}\">\n\t\t\t\t\t\t<div class=\"elementor-container elementor-column-gap-default\">\n\t\t\t\t\t<div class=\"elementor-column elementor-col-100 elementor-top-column elementor-element elementor-element-289f7bc\" data-id=\"289f7bc\" data-element_type=\"column\" data-e-type=\"column\">\n\t\t\t<div class=\"elementor-widget-wrap\">\n\t\t\t\t\t\t\t<\/div>\n\t\t<\/div>\n\t\t\t\t\t<\/div>\n\t\t<\/section>\n\t\t\t\t<section class=\"elementor-section elementor-top-section elementor-element elementor-element-afefc0b elementor-section-boxed elementor-section-height-default elementor-section-height-default\" data-id=\"afefc0b\" data-element_type=\"section\" data-e-type=\"section\" data-settings=\"{&quot;jet_parallax_layout_list&quot;:[]}\">\n\t\t\t\t\t\t<div class=\"elementor-container elementor-column-gap-default\">\n\t\t\t\t\t<div class=\"elementor-column elementor-col-100 elementor-top-column elementor-element elementor-element-9affe58\" data-id=\"9affe58\" data-element_type=\"column\" data-e-type=\"column\">\n\t\t\t<div class=\"elementor-widget-wrap elementor-element-populated\">\n\t\t\t\t\t\t<div data-dce-text-color=\"#011DDF\" class=\"elementor-element elementor-element-3ca3b5a elementor-widget elementor-widget-text-editor\" data-id=\"3ca3b5a\" data-element_type=\"widget\" data-e-type=\"widget\" data-widget_type=\"text-editor.default\">\n\t\t\t\t<div class=\"elementor-widget-container\">\n\t\t\t\t\t\t\t\t\t<ul><li style=\"font-weight: 400;\" aria-level=\"1\"><a href=\"https:\/\/www.menudigital.com.do\/en\/mila\/\" target=\"_blank\" rel=\"noopener\"><span style=\"font-weight: 400;\">Men\u00fa de restaurante<\/span><\/a><\/li><li style=\"font-weight: 400;\" aria-level=\"1\"><a href=\"https:\/\/www.menudigital.com.do\/en\/la-otra-bar\/\" target=\"_blank\" rel=\"noopener\"><span style=\"font-weight: 400;\">Men\u00fa de bar<\/span><\/a><\/li><li style=\"font-weight: 400;\" aria-level=\"1\"><a href=\"https:\/\/www.menudigital.com.do\/en\/kunos\/\" target=\"_blank\" rel=\"noopener\"><span style=\"font-weight: 400;\">Men\u00fa de foodtruck<\/span><\/a><\/li><li style=\"font-weight: 400;\" aria-level=\"1\"><a href=\"https:\/\/www.menudigital.com.do\/en\/cafe-cmv\/\" target=\"_blank\" rel=\"noopener\"><span style=\"font-weight: 400;\">Men\u00fa de cafeter\u00eda<\/span><\/a><\/li><li style=\"font-weight: 400;\" aria-level=\"1\"><a href=\"https:\/\/www.menudigital.com.do\/en\/carpe-diem\/\" target=\"_blank\" rel=\"noopener\"><span style=\"font-weight: 400;\">Men\u00fa din\u00e1mico<\/span><\/a><\/li><\/ul>\t\t\t\t\t\t\t\t<\/div>\n\t\t\t\t<\/div>\n\t\t\t\t\t<\/div>\n\t\t<\/div>\n\t\t\t\t\t<\/div>\n\t\t<\/section>\n\t\t\t\t<\/div>","protected":false},"excerpt":{"rendered":"<p>Men\u00fa de restaurante Men\u00fa de bar Men\u00fa de foodtruck Men\u00fa de cafeter\u00eda Men\u00fa din\u00e1mico<\/p>","protected":false},"author":3,"featured_media":0,"parent":0,"menu_order":0,"comment_status":"closed","ping_status":"closed","template":"","meta":{"_acf_changed":false,"_uf_show_specific_survey":0,"_uf_disable_surveys":false,"footnotes":""},"class_list":["post-1311","page","type-page","status-publish","hentry"],"acf":[],"yoast_head":"<!-- This site is optimized with the Yoast SEO plugin v26.9 - https:\/\/yoast.com\/product\/yoast-seo-wordpress\/ -->\n<title>ADM - Men\u00fas de Restaurantes de Clientes - Menu Digital Para Restaurantes<\/title>\n<meta name=\"description\" content=\"Servicio profesional de dise\u00f1o de men\u00fas para restaurantes. Men\u00fas gr\u00e1ficos personalizados que aumentan pedidos y atraen clientes.\" \/>\n<meta name=\"robots\" content=\"index, follow, max-snippet:-1, max-image-preview:large, max-video-preview:-1\" \/>\n<link rel=\"canonical\" href=\"https:\/\/www.menudigital.com.do\/en\/conocer-menu\/\" \/>\n<meta property=\"og:locale\" content=\"en_US\" \/>\n<meta property=\"og:type\" content=\"article\" \/>\n<meta property=\"og:title\" content=\"ADM - Men\u00fas de Restaurantes de Clientes - Menu Digital Para Restaurantes\" \/>\n<meta property=\"og:description\" content=\"Servicio profesional de dise\u00f1o de men\u00fas para restaurantes. Men\u00fas gr\u00e1ficos personalizados que aumentan pedidos y atraen clientes.\" \/>\n<meta property=\"og:url\" content=\"https:\/\/www.menudigital.com.do\/en\/conocer-menu\/\" \/>\n<meta property=\"og:site_name\" content=\"Menu Digital Para Restaurantes\" \/>\n<meta property=\"article:modified_time\" content=\"2025-08-22T20:26:16+00:00\" \/>\n<meta name=\"twitter:card\" content=\"summary_large_image\" \/>\n<meta name=\"twitter:label1\" content=\"Est. reading time\" \/>\n\t<meta name=\"twitter:data1\" content=\"1 minute\" \/>\n<script type=\"application\/ld+json\" class=\"yoast-schema-graph\">{\"@context\":\"https:\/\/schema.org\",\"@graph\":[{\"@type\":\"WebPage\",\"@id\":\"https:\/\/www.menudigital.com.do\/conocer-menu\/\",\"url\":\"https:\/\/www.menudigital.com.do\/conocer-menu\/\",\"name\":\"ADM - Men\u00fas de Restaurantes de Clientes - Menu Digital Para Restaurantes\",\"isPartOf\":{\"@id\":\"https:\/\/www.menudigital.com.do\/#website\"},\"datePublished\":\"2023-07-17T11:39:39+00:00\",\"dateModified\":\"2025-08-22T20:26:16+00:00\",\"description\":\"Servicio profesional de dise\u00f1o de men\u00fas para restaurantes. Men\u00fas gr\u00e1ficos personalizados que aumentan pedidos y atraen clientes.\",\"breadcrumb\":{\"@id\":\"https:\/\/www.menudigital.com.do\/conocer-menu\/#breadcrumb\"},\"inLanguage\":\"en-US\",\"potentialAction\":[{\"@type\":\"ReadAction\",\"target\":[\"https:\/\/www.menudigital.com.do\/conocer-menu\/\"]}]},{\"@type\":\"BreadcrumbList\",\"@id\":\"https:\/\/www.menudigital.com.do\/conocer-menu\/#breadcrumb\",\"itemListElement\":[{\"@type\":\"ListItem\",\"position\":1,\"name\":\"Home\",\"item\":\"https:\/\/www.menudigital.com.do\/\"},{\"@type\":\"ListItem\",\"position\":2,\"name\":\"ADM &#8211; Men\u00fas de Restaurantes de Clientes\"}]},{\"@type\":\"WebSite\",\"@id\":\"https:\/\/www.menudigital.com.do\/#website\",\"url\":\"https:\/\/www.menudigital.com.do\/\",\"name\":\"Menu Digital Para Restaurantes\",\"description\":\"Soluciones Digitales\",\"publisher\":{\"@id\":\"https:\/\/www.menudigital.com.do\/#organization\"},\"potentialAction\":[{\"@type\":\"SearchAction\",\"target\":{\"@type\":\"EntryPoint\",\"urlTemplate\":\"https:\/\/www.menudigital.com.do\/?s={search_term_string}\"},\"query-input\":{\"@type\":\"PropertyValueSpecification\",\"valueRequired\":true,\"valueName\":\"search_term_string\"}}],\"inLanguage\":\"en-US\"},{\"@type\":\"Organization\",\"@id\":\"https:\/\/www.menudigital.com.do\/#organization\",\"name\":\"Menu Digital Para Restaurantes\",\"url\":\"https:\/\/www.menudigital.com.do\/\",\"logo\":{\"@type\":\"ImageObject\",\"inLanguage\":\"en-US\",\"@id\":\"https:\/\/www.menudigital.com.do\/#\/schema\/logo\/image\/\",\"url\":\"https:\/\/www.menudigital.com.do\/wp-content\/uploads\/2023\/01\/Logo-Black.jpg\",\"contentUrl\":\"https:\/\/www.menudigital.com.do\/wp-content\/uploads\/2023\/01\/Logo-Black.jpg\",\"width\":640,\"height\":640,\"caption\":\"Menu Digital Para Restaurantes\"},\"image\":{\"@id\":\"https:\/\/www.menudigital.com.do\/#\/schema\/logo\/image\/\"}}]}<\/script>\n<!-- \/ Yoast SEO plugin. -->","yoast_head_json":{"title":"ADM - Men\u00fas de Restaurantes de Clientes - Menu Digital Para Restaurantes","description":"Servicio profesional de dise\u00f1o de men\u00fas para restaurantes. Men\u00fas gr\u00e1ficos personalizados que aumentan pedidos y atraen clientes.","robots":{"index":"index","follow":"follow","max-snippet":"max-snippet:-1","max-image-preview":"max-image-preview:large","max-video-preview":"max-video-preview:-1"},"canonical":"https:\/\/www.menudigital.com.do\/en\/conocer-menu\/","og_locale":"en_US","og_type":"article","og_title":"ADM - Men\u00fas de Restaurantes de Clientes - Menu Digital Para Restaurantes","og_description":"Servicio profesional de dise\u00f1o de men\u00fas para restaurantes. Men\u00fas gr\u00e1ficos personalizados que aumentan pedidos y atraen clientes.","og_url":"https:\/\/www.menudigital.com.do\/en\/conocer-menu\/","og_site_name":"Menu Digital Para Restaurantes","article_modified_time":"2025-08-22T20:26:16+00:00","twitter_card":"summary_large_image","twitter_misc":{"Est. reading time":"1 minute"},"schema":{"@context":"https:\/\/schema.org","@graph":[{"@type":"WebPage","@id":"https:\/\/www.menudigital.com.do\/conocer-menu\/","url":"https:\/\/www.menudigital.com.do\/conocer-menu\/","name":"ADM - Men\u00fas de Restaurantes de Clientes - Menu Digital Para Restaurantes","isPartOf":{"@id":"https:\/\/www.menudigital.com.do\/#website"},"datePublished":"2023-07-17T11:39:39+00:00","dateModified":"2025-08-22T20:26:16+00:00","description":"Servicio profesional de dise\u00f1o de men\u00fas para restaurantes. Men\u00fas gr\u00e1ficos personalizados que aumentan pedidos y atraen clientes.","breadcrumb":{"@id":"https:\/\/www.menudigital.com.do\/conocer-menu\/#breadcrumb"},"inLanguage":"en-US","potentialAction":[{"@type":"ReadAction","target":["https:\/\/www.menudigital.com.do\/conocer-menu\/"]}]},{"@type":"BreadcrumbList","@id":"https:\/\/www.menudigital.com.do\/conocer-menu\/#breadcrumb","itemListElement":[{"@type":"ListItem","position":1,"name":"Home","item":"https:\/\/www.menudigital.com.do\/"},{"@type":"ListItem","position":2,"name":"ADM &#8211; Men\u00fas de Restaurantes de Clientes"}]},{"@type":"WebSite","@id":"https:\/\/www.menudigital.com.do\/#website","url":"https:\/\/www.menudigital.com.do\/","name":"Menu Digital Para Restaurantes","description":"Soluciones Digitales","publisher":{"@id":"https:\/\/www.menudigital.com.do\/#organization"},"potentialAction":[{"@type":"SearchAction","target":{"@type":"EntryPoint","urlTemplate":"https:\/\/www.menudigital.com.do\/?s={search_term_string}"},"query-input":{"@type":"PropertyValueSpecification","valueRequired":true,"valueName":"search_term_string"}}],"inLanguage":"en-US"},{"@type":"Organization","@id":"https:\/\/www.menudigital.com.do\/#organization","name":"Menu Digital Para Restaurantes","url":"https:\/\/www.menudigital.com.do\/","logo":{"@type":"ImageObject","inLanguage":"en-US","@id":"https:\/\/www.menudigital.com.do\/#\/schema\/logo\/image\/","url":"https:\/\/www.menudigital.com.do\/wp-content\/uploads\/2023\/01\/Logo-Black.jpg","contentUrl":"https:\/\/www.menudigital.com.do\/wp-content\/uploads\/2023\/01\/Logo-Black.jpg","width":640,"height":640,"caption":"Menu Digital Para Restaurantes"},"image":{"@id":"https:\/\/www.menudigital.com.do\/#\/schema\/logo\/image\/"}}]}},"_links":{"self":[{"href":"https:\/\/www.menudigital.com.do\/en\/wp-json\/wp\/v2\/pages\/1311","targetHints":{"allow":["GET"]}}],"collection":[{"href":"https:\/\/www.menudigital.com.do\/en\/wp-json\/wp\/v2\/pages"}],"about":[{"href":"https:\/\/www.menudigital.com.do\/en\/wp-json\/wp\/v2\/types\/page"}],"author":[{"embeddable":true,"href":"https:\/\/www.menudigital.com.do\/en\/wp-json\/wp\/v2\/users\/3"}],"replies":[{"embeddable":true,"href":"https:\/\/www.menudigital.com.do\/en\/wp-json\/wp\/v2\/comments?post=1311"}],"version-history":[{"count":17,"href":"https:\/\/www.menudigital.com.do\/en\/wp-json\/wp\/v2\/pages\/1311\/revisions"}],"predecessor-version":[{"id":5499,"href":"https:\/\/www.menudigital.com.do\/en\/wp-json\/wp\/v2\/pages\/1311\/revisions\/5499"}],"wp:attachment":[{"href":"https:\/\/www.menudigital.com.do\/en\/wp-json\/wp\/v2\/media?parent=1311"}],"curies":[{"name":"wp","href":"https:\/\/api.w.org\/{rel}","templated":true}]}}