{"id":4674,"date":"2024-09-21T17:55:55","date_gmt":"2024-09-21T17:55:55","guid":{"rendered":"https:\/\/www.menudigital.com.do\/?page_id=4674"},"modified":"2025-11-06T13:57:51","modified_gmt":"2025-11-06T17:57:51","slug":"teo","status":"publish","type":"page","link":"https:\/\/www.menudigital.com.do\/en\/teo\/","title":{"rendered":"Teo Restaurante"},"content":{"rendered":"<div data-elementor-type=\"wp-page\" data-elementor-id=\"4674\" class=\"elementor elementor-4674\" data-elementor-post-type=\"page\">\n\t\t\t\t\t\t<section class=\"elementor-section elementor-top-section elementor-element elementor-element-c9844ab elementor-section-full_width elementor-section-height-default elementor-section-height-default\" data-id=\"c9844ab\" data-element_type=\"section\" data-e-type=\"section\" data-settings=\"{&quot;jet_parallax_layout_list&quot;:[{&quot;_id&quot;:&quot;881d444&quot;,&quot;jet_parallax_layout_image&quot;:{&quot;url&quot;:&quot;&quot;,&quot;id&quot;:&quot;&quot;,&quot;size&quot;:&quot;&quot;},&quot;jet_parallax_layout_image_tablet&quot;:{&quot;url&quot;:&quot;&quot;,&quot;id&quot;:&quot;&quot;,&quot;size&quot;:&quot;&quot;},&quot;jet_parallax_layout_image_mobile&quot;:{&quot;url&quot;:&quot;&quot;,&quot;id&quot;:&quot;&quot;,&quot;size&quot;:&quot;&quot;},&quot;jet_parallax_layout_speed&quot;:{&quot;unit&quot;:&quot;%&quot;,&quot;size&quot;:50,&quot;sizes&quot;:[]},&quot;jet_parallax_layout_type&quot;:&quot;scroll&quot;,&quot;jet_parallax_layout_direction&quot;:&quot;1&quot;,&quot;jet_parallax_layout_fx_direction&quot;:null,&quot;jet_parallax_layout_z_index&quot;:&quot;&quot;,&quot;jet_parallax_layout_bg_x&quot;:50,&quot;jet_parallax_layout_bg_x_tablet&quot;:&quot;&quot;,&quot;jet_parallax_layout_bg_x_mobile&quot;:&quot;&quot;,&quot;jet_parallax_layout_bg_y&quot;:50,&quot;jet_parallax_layout_bg_y_tablet&quot;:&quot;&quot;,&quot;jet_parallax_layout_bg_y_mobile&quot;:&quot;&quot;,&quot;jet_parallax_layout_bg_size&quot;:&quot;auto&quot;,&quot;jet_parallax_layout_bg_size_tablet&quot;:&quot;&quot;,&quot;jet_parallax_layout_bg_size_mobile&quot;:&quot;&quot;,&quot;jet_parallax_layout_animation_prop&quot;:&quot;transform&quot;,&quot;jet_parallax_layout_on&quot;:[&quot;desktop&quot;,&quot;tablet&quot;]}]}\">\n\t\t\t\t\t\t<div class=\"elementor-container elementor-column-gap-default\">\n\t\t\t\t\t<div class=\"elementor-column elementor-col-100 elementor-top-column elementor-element elementor-element-6f443efa\" data-id=\"6f443efa\" data-element_type=\"column\" data-e-type=\"column\">\n\t\t\t<div class=\"elementor-widget-wrap elementor-element-populated\">\n\t\t\t\t\t\t<div class=\"elementor-element elementor-element-441d4471 elementor-widget elementor-widget-image\" data-id=\"441d4471\" data-element_type=\"widget\" data-e-type=\"widget\" data-widget_type=\"image.default\">\n\t\t\t\t<div class=\"elementor-widget-container\">\n\t\t\t\t\t\t\t\t\t\t\t\t\t\t\t<img decoding=\"async\" src=\"https:\/\/www.menudigital.com.do\/wp-content\/uploads\/2025\/10\/Menu-Teo-10-1.jpg\" title=\"Menu Teo 10-1\" alt=\"Menu Teo 10-1\" loading=\"lazy\" \/>\t\t\t\t\t\t\t\t\t\t\t\t\t\t\t<\/div>\n\t\t\t\t<\/div>\n\t\t\t\t<div class=\"elementor-element elementor-element-47af9ef2 elementor-widget elementor-widget-image\" data-id=\"47af9ef2\" data-element_type=\"widget\" data-e-type=\"widget\" data-widget_type=\"image.default\">\n\t\t\t\t<div class=\"elementor-widget-container\">\n\t\t\t\t\t\t\t\t\t\t\t\t\t\t\t<img decoding=\"async\" src=\"https:\/\/www.menudigital.com.do\/wp-content\/uploads\/2025\/11\/Nuevo-Menu-Teo-4-2-copy.jpg\" title=\"Nuevo Menu Teo 4-2 copy\" alt=\"Nuevo Menu Teo 4-2 copy\" loading=\"lazy\" \/>\t\t\t\t\t\t\t\t\t\t\t\t\t\t\t<\/div>\n\t\t\t\t<\/div>\n\t\t\t\t<div class=\"elementor-element elementor-element-58f64ef6 elementor-widget elementor-widget-image\" data-id=\"58f64ef6\" data-element_type=\"widget\" data-e-type=\"widget\" data-widget_type=\"image.default\">\n\t\t\t\t<div class=\"elementor-widget-container\">\n\t\t\t\t\t\t\t\t\t\t\t\t\t\t\t<img decoding=\"async\" src=\"https:\/\/www.menudigital.com.do\/wp-content\/uploads\/2025\/10\/Menu-Teo-10-3.jpg\" title=\"Menu Teo 10-3\" alt=\"Menu Teo 10-3\" loading=\"lazy\" \/>\t\t\t\t\t\t\t\t\t\t\t\t\t\t\t<\/div>\n\t\t\t\t<\/div>\n\t\t\t\t<div class=\"elementor-element elementor-element-969ed0f elementor-widget elementor-widget-image\" data-id=\"969ed0f\" data-element_type=\"widget\" data-e-type=\"widget\" data-widget_type=\"image.default\">\n\t\t\t\t<div class=\"elementor-widget-container\">\n\t\t\t\t\t\t\t\t\t\t\t\t\t\t\t<img decoding=\"async\" src=\"https:\/\/www.menudigital.com.do\/wp-content\/uploads\/2025\/10\/Menu-Teo-10-4.jpg\" title=\"Menu Teo 10-4\" alt=\"Menu Teo 10-4\" loading=\"lazy\" \/>\t\t\t\t\t\t\t\t\t\t\t\t\t\t\t<\/div>\n\t\t\t\t<\/div>\n\t\t\t\t<div data-dce-background-color=\"#dc0404\" class=\"elementor-element elementor-element-30e7320c elementor-align-center elementor-mobile-align-center elementor-widget elementor-widget-button\" data-id=\"30e7320c\" data-element_type=\"widget\" data-e-type=\"widget\" data-settings=\"{&quot;sticky&quot;:&quot;bottom&quot;,&quot;sticky_offset_mobile&quot;:0,&quot;sticky_effects_offset_mobile&quot;:0,&quot;_animation_mobile&quot;:&quot;fadeInUp&quot;,&quot;sticky_on&quot;:[&quot;desktop&quot;,&quot;tablet&quot;,&quot;mobile&quot;],&quot;sticky_offset&quot;:0,&quot;sticky_effects_offset&quot;:0,&quot;sticky_anchor_link_offset&quot;:0}\" data-widget_type=\"button.default\">\n\t\t\t\t<div class=\"elementor-widget-container\">\n\t\t\t\t\t\t\t\t\t<div class=\"elementor-button-wrapper\">\n\t\t\t\t\t<a class=\"elementor-button elementor-button-link elementor-size-md\" href=\"https:\/\/www.instagram.com\/presadetaveras.teo3\/\">\n\t\t\t\t\t\t<span class=\"elementor-button-content-wrapper\">\n\t\t\t\t\t\t<span class=\"elementor-button-icon\">\n\t\t\t\t<i aria-hidden=\"true\" class=\"fab fa-instagram\"><\/i>\t\t\t<\/span>\n\t\t\t\t\t\t\t\t\t<span class=\"elementor-button-text\">S\u00edguenos en Instagram<\/span>\n\t\t\t\t\t<\/span>\n\t\t\t\t\t<\/a>\n\t\t\t\t<\/div>\n\t\t\t\t\t\t\t\t<\/div>\n\t\t\t\t<\/div>\n\t\t\t\t<div data-dce-text-color=\"#FFFFFF\" data-dce-advanced-background-color=\"#000000\" class=\"elementor-element elementor-element-7809cb44 elementor-widget elementor-widget-text-editor\" data-id=\"7809cb44\" data-element_type=\"widget\" data-e-type=\"widget\" data-settings=\"{&quot;_animation&quot;:&quot;none&quot;}\" data-widget_type=\"text-editor.default\">\n\t\t\t\t<div class=\"elementor-widget-container\">\n\t\t\t\t\t\t\t\t\t<p style=\"text-align: center;\"><strong>Creado por <span style=\"color: #ff9900;\"><a style=\"color: #ff9900;\" href=\"https:\/\/www.menudigital.com.do\/en\/\" target=\"_blank\" rel=\"noopener\">menudigital.com.do<\/a><\/span><\/strong><\/p>\t\t\t\t\t\t\t\t<\/div>\n\t\t\t\t<\/div>\n\t\t\t\t\t<\/div>\n\t\t<\/div>\n\t\t\t\t\t<\/div>\n\t\t<\/section>\n\t\t\t\t<\/div>","protected":false},"excerpt":{"rendered":"<p>S\u00edguenos en Instagram Creado por menudigital.com.do<\/p>","protected":false},"author":1,"featured_media":4684,"parent":0,"menu_order":0,"comment_status":"closed","ping_status":"closed","template":"elementor_canvas","meta":{"_acf_changed":false,"_uf_show_specific_survey":0,"_uf_disable_surveys":false,"footnotes":""},"class_list":["post-4674","page","type-page","status-publish","has-post-thumbnail","hentry"],"acf":[],"yoast_head":"<!-- This site is optimized with the Yoast SEO plugin v26.9 - https:\/\/yoast.com\/product\/yoast-seo-wordpress\/ -->\n<title>Teo Restaurante - Menu Digital Para Restaurantes<\/title>\n<meta name=\"description\" content=\"Descubre Teo Restaurante men\u00fa digital con cocina moderna, ingredientes frescos y presentaciones art\u00edsticas. Experiencia culinaria \u00fanica QR.\" \/>\n<meta name=\"robots\" content=\"index, follow, max-snippet:-1, max-image-preview:large, max-video-preview:-1\" \/>\n<link rel=\"canonical\" href=\"https:\/\/www.menudigital.com.do\/en\/teo\/\" \/>\n<meta property=\"og:locale\" content=\"en_US\" \/>\n<meta property=\"og:type\" content=\"article\" \/>\n<meta property=\"og:title\" content=\"Teo Restaurante - Menu Digital Para Restaurantes\" \/>\n<meta property=\"og:description\" content=\"Descubre Teo Restaurante men\u00fa digital con cocina moderna, ingredientes frescos y presentaciones art\u00edsticas. Experiencia culinaria \u00fanica QR.\" \/>\n<meta property=\"og:url\" content=\"https:\/\/www.menudigital.com.do\/en\/teo\/\" \/>\n<meta property=\"og:site_name\" content=\"Menu Digital Para Restaurantes\" \/>\n<meta property=\"article:modified_time\" content=\"2025-11-06T17:57:51+00:00\" \/>\n<meta property=\"og:image\" content=\"https:\/\/www.menudigital.com.do\/wp-content\/uploads\/2024\/09\/Logo-Nuevo-Teo.jpg\" \/>\n\t<meta property=\"og:image:width\" content=\"1988\" \/>\n\t<meta property=\"og:image:height\" content=\"1370\" \/>\n\t<meta property=\"og:image:type\" content=\"image\/jpeg\" \/>\n<meta name=\"twitter:card\" content=\"summary_large_image\" \/>\n<meta name=\"twitter:label1\" content=\"Est. reading time\" \/>\n\t<meta name=\"twitter:data1\" content=\"1 minute\" \/>\n<script type=\"application\/ld+json\" class=\"yoast-schema-graph\">{\"@context\":\"https:\/\/schema.org\",\"@graph\":[{\"@type\":\"WebPage\",\"@id\":\"https:\/\/www.menudigital.com.do\/teo\/\",\"url\":\"https:\/\/www.menudigital.com.do\/teo\/\",\"name\":\"Teo Restaurante - Menu Digital Para Restaurantes\",\"isPartOf\":{\"@id\":\"https:\/\/www.menudigital.com.do\/#website\"},\"primaryImageOfPage\":{\"@id\":\"https:\/\/www.menudigital.com.do\/teo\/#primaryimage\"},\"image\":{\"@id\":\"https:\/\/www.menudigital.com.do\/teo\/#primaryimage\"},\"thumbnailUrl\":\"https:\/\/www.menudigital.com.do\/wp-content\/uploads\/2024\/09\/Logo-Nuevo-Teo.jpg\",\"datePublished\":\"2024-09-21T17:55:55+00:00\",\"dateModified\":\"2025-11-06T17:57:51+00:00\",\"description\":\"Descubre Teo Restaurante men\u00fa digital con cocina moderna, ingredientes frescos y presentaciones art\u00edsticas. Experiencia culinaria \u00fanica QR.\",\"breadcrumb\":{\"@id\":\"https:\/\/www.menudigital.com.do\/teo\/#breadcrumb\"},\"inLanguage\":\"en-US\",\"potentialAction\":[{\"@type\":\"ReadAction\",\"target\":[\"https:\/\/www.menudigital.com.do\/teo\/\"]}]},{\"@type\":\"ImageObject\",\"inLanguage\":\"en-US\",\"@id\":\"https:\/\/www.menudigital.com.do\/teo\/#primaryimage\",\"url\":\"https:\/\/www.menudigital.com.do\/wp-content\/uploads\/2024\/09\/Logo-Nuevo-Teo.jpg\",\"contentUrl\":\"https:\/\/www.menudigital.com.do\/wp-content\/uploads\/2024\/09\/Logo-Nuevo-Teo.jpg\",\"width\":1988,\"height\":1370},{\"@type\":\"BreadcrumbList\",\"@id\":\"https:\/\/www.menudigital.com.do\/teo\/#breadcrumb\",\"itemListElement\":[{\"@type\":\"ListItem\",\"position\":1,\"name\":\"Home\",\"item\":\"https:\/\/www.menudigital.com.do\/\"},{\"@type\":\"ListItem\",\"position\":2,\"name\":\"Teo Restaurante\"}]},{\"@type\":\"WebSite\",\"@id\":\"https:\/\/www.menudigital.com.do\/#website\",\"url\":\"https:\/\/www.menudigital.com.do\/\",\"name\":\"Menu Digital Para Restaurantes\",\"description\":\"Soluciones Digitales\",\"publisher\":{\"@id\":\"https:\/\/www.menudigital.com.do\/#organization\"},\"potentialAction\":[{\"@type\":\"SearchAction\",\"target\":{\"@type\":\"EntryPoint\",\"urlTemplate\":\"https:\/\/www.menudigital.com.do\/?s={search_term_string}\"},\"query-input\":{\"@type\":\"PropertyValueSpecification\",\"valueRequired\":true,\"valueName\":\"search_term_string\"}}],\"inLanguage\":\"en-US\"},{\"@type\":\"Organization\",\"@id\":\"https:\/\/www.menudigital.com.do\/#organization\",\"name\":\"Menu Digital Para Restaurantes\",\"url\":\"https:\/\/www.menudigital.com.do\/\",\"logo\":{\"@type\":\"ImageObject\",\"inLanguage\":\"en-US\",\"@id\":\"https:\/\/www.menudigital.com.do\/#\/schema\/logo\/image\/\",\"url\":\"https:\/\/www.menudigital.com.do\/wp-content\/uploads\/2023\/01\/Logo-Black.jpg\",\"contentUrl\":\"https:\/\/www.menudigital.com.do\/wp-content\/uploads\/2023\/01\/Logo-Black.jpg\",\"width\":640,\"height\":640,\"caption\":\"Menu Digital Para Restaurantes\"},\"image\":{\"@id\":\"https:\/\/www.menudigital.com.do\/#\/schema\/logo\/image\/\"}}]}<\/script>\n<!-- \/ Yoast SEO plugin. -->","yoast_head_json":{"title":"Teo Restaurante - Menu Digital Para Restaurantes","description":"Descubre Teo Restaurante men\u00fa digital con cocina moderna, ingredientes frescos y presentaciones art\u00edsticas. Experiencia culinaria \u00fanica QR.","robots":{"index":"index","follow":"follow","max-snippet":"max-snippet:-1","max-image-preview":"max-image-preview:large","max-video-preview":"max-video-preview:-1"},"canonical":"https:\/\/www.menudigital.com.do\/en\/teo\/","og_locale":"en_US","og_type":"article","og_title":"Teo Restaurante - Menu Digital Para Restaurantes","og_description":"Descubre Teo Restaurante men\u00fa digital con cocina moderna, ingredientes frescos y presentaciones art\u00edsticas. Experiencia culinaria \u00fanica QR.","og_url":"https:\/\/www.menudigital.com.do\/en\/teo\/","og_site_name":"Menu Digital Para Restaurantes","article_modified_time":"2025-11-06T17:57:51+00:00","og_image":[{"width":1988,"height":1370,"url":"https:\/\/www.menudigital.com.do\/wp-content\/uploads\/2024\/09\/Logo-Nuevo-Teo.jpg","type":"image\/jpeg"}],"twitter_card":"summary_large_image","twitter_misc":{"Est. reading time":"1 minute"},"schema":{"@context":"https:\/\/schema.org","@graph":[{"@type":"WebPage","@id":"https:\/\/www.menudigital.com.do\/teo\/","url":"https:\/\/www.menudigital.com.do\/teo\/","name":"Teo Restaurante - Menu Digital Para Restaurantes","isPartOf":{"@id":"https:\/\/www.menudigital.com.do\/#website"},"primaryImageOfPage":{"@id":"https:\/\/www.menudigital.com.do\/teo\/#primaryimage"},"image":{"@id":"https:\/\/www.menudigital.com.do\/teo\/#primaryimage"},"thumbnailUrl":"https:\/\/www.menudigital.com.do\/wp-content\/uploads\/2024\/09\/Logo-Nuevo-Teo.jpg","datePublished":"2024-09-21T17:55:55+00:00","dateModified":"2025-11-06T17:57:51+00:00","description":"Descubre Teo Restaurante men\u00fa digital con cocina moderna, ingredientes frescos y presentaciones art\u00edsticas. Experiencia culinaria \u00fanica QR.","breadcrumb":{"@id":"https:\/\/www.menudigital.com.do\/teo\/#breadcrumb"},"inLanguage":"en-US","potentialAction":[{"@type":"ReadAction","target":["https:\/\/www.menudigital.com.do\/teo\/"]}]},{"@type":"ImageObject","inLanguage":"en-US","@id":"https:\/\/www.menudigital.com.do\/teo\/#primaryimage","url":"https:\/\/www.menudigital.com.do\/wp-content\/uploads\/2024\/09\/Logo-Nuevo-Teo.jpg","contentUrl":"https:\/\/www.menudigital.com.do\/wp-content\/uploads\/2024\/09\/Logo-Nuevo-Teo.jpg","width":1988,"height":1370},{"@type":"BreadcrumbList","@id":"https:\/\/www.menudigital.com.do\/teo\/#breadcrumb","itemListElement":[{"@type":"ListItem","position":1,"name":"Home","item":"https:\/\/www.menudigital.com.do\/"},{"@type":"ListItem","position":2,"name":"Teo Restaurante"}]},{"@type":"WebSite","@id":"https:\/\/www.menudigital.com.do\/#website","url":"https:\/\/www.menudigital.com.do\/","name":"Menu Digital Para Restaurantes","description":"Soluciones Digitales","publisher":{"@id":"https:\/\/www.menudigital.com.do\/#organization"},"potentialAction":[{"@type":"SearchAction","target":{"@type":"EntryPoint","urlTemplate":"https:\/\/www.menudigital.com.do\/?s={search_term_string}"},"query-input":{"@type":"PropertyValueSpecification","valueRequired":true,"valueName":"search_term_string"}}],"inLanguage":"en-US"},{"@type":"Organization","@id":"https:\/\/www.menudigital.com.do\/#organization","name":"Menu Digital Para Restaurantes","url":"https:\/\/www.menudigital.com.do\/","logo":{"@type":"ImageObject","inLanguage":"en-US","@id":"https:\/\/www.menudigital.com.do\/#\/schema\/logo\/image\/","url":"https:\/\/www.menudigital.com.do\/wp-content\/uploads\/2023\/01\/Logo-Black.jpg","contentUrl":"https:\/\/www.menudigital.com.do\/wp-content\/uploads\/2023\/01\/Logo-Black.jpg","width":640,"height":640,"caption":"Menu Digital Para Restaurantes"},"image":{"@id":"https:\/\/www.menudigital.com.do\/#\/schema\/logo\/image\/"}}]}},"_links":{"self":[{"href":"https:\/\/www.menudigital.com.do\/en\/wp-json\/wp\/v2\/pages\/4674","targetHints":{"allow":["GET"]}}],"collection":[{"href":"https:\/\/www.menudigital.com.do\/en\/wp-json\/wp\/v2\/pages"}],"about":[{"href":"https:\/\/www.menudigital.com.do\/en\/wp-json\/wp\/v2\/types\/page"}],"author":[{"embeddable":true,"href":"https:\/\/www.menudigital.com.do\/en\/wp-json\/wp\/v2\/users\/1"}],"replies":[{"embeddable":true,"href":"https:\/\/www.menudigital.com.do\/en\/wp-json\/wp\/v2\/comments?post=4674"}],"version-history":[{"count":14,"href":"https:\/\/www.menudigital.com.do\/en\/wp-json\/wp\/v2\/pages\/4674\/revisions"}],"predecessor-version":[{"id":6125,"href":"https:\/\/www.menudigital.com.do\/en\/wp-json\/wp\/v2\/pages\/4674\/revisions\/6125"}],"wp:featuredmedia":[{"embeddable":true,"href":"https:\/\/www.menudigital.com.do\/en\/wp-json\/wp\/v2\/media\/4684"}],"wp:attachment":[{"href":"https:\/\/www.menudigital.com.do\/en\/wp-json\/wp\/v2\/media?parent=4674"}],"curies":[{"name":"wp","href":"https:\/\/api.w.org\/{rel}","templated":true}]}}